{"id":907,"date":"2026-02-09T23:43:00","date_gmt":"2026-02-09T23:43:00","guid":{"rendered":"https:\/\/husf.org.br\/residencia\/?page_id=907"},"modified":"2026-02-11T13:50:51","modified_gmt":"2026-02-11T13:50:51","slug":"ginecologia-e-obstetricia","status":"publish","type":"page","link":"https:\/\/husf.org.br\/residencia\/ginecologia-e-obstetricia\/","title":{"rendered":"Ginecologia e Obstetr\u00edcia"},"content":{"rendered":"<style>.elementor-907 .elementor-element.elementor-element-c06a92b{margin-top:50px;margin-bottom:50px;padding:0px 0px 0px 0px;}.elementor-907 .elementor-element.elementor-element-6b2950a .elementor-button{font-size:20px;font-weight:600;text-decoration:none;fill:#FFFFFF;color:#FFFFFF;background-color:var( --e-global-color-872c058 );}.elementor-907 .elementor-element.elementor-element-6b2950a > .elementor-widget-container{margin:0px 0px 40px 0px;}.elementor-907 .elementor-element.elementor-element-756635f{margin-top:50px;margin-bottom:50px;padding:0px 0px 0px 0px;}.elementor-907 .elementor-element.elementor-element-018a707 .elementor-heading-title{font-size:20px;text-transform:uppercase;color:var( --e-global-color-872c058 );}.elementor-907 .elementor-element.elementor-element-edf5113 .elementor-heading-title{font-size:20px;text-transform:uppercase;color:var( --e-global-color-872c058 );}.elementor-907 .elementor-element.elementor-element-5b7a838{margin-top:50px;margin-bottom:50px;padding:0px 0px 0px 0px;}.elementor-907 .elementor-element.elementor-element-34de3b6 .elementor-heading-title{font-size:20px;text-transform:uppercase;color:var( --e-global-color-872c058 );}:root{--page-title-display:none;}@media(min-width:768px){.elementor-907 .elementor-element.elementor-element-34fb6da{width:43.246%;}.elementor-907 .elementor-element.elementor-element-f74acf1{width:56.754%;}}<\/style>\t\t<div data-elementor-type=\"wp-page\" data-elementor-id=\"907\" class=\"elementor elementor-907\" data-elementor-post-type=\"page\">\n\t\t\t\t\t\t<section class=\"elementor-section elementor-top-section elementor-element elementor-element-c06a92b elementor-section-boxed elementor-section-height-default elementor-section-height-default\" data-id=\"c06a92b\" data-element_type=\"section\" data-e-type=\"section\">\n\t\t\t\t\t\t<div class=\"elementor-container elementor-column-gap-default\">\n\t\t\t\t\t<div class=\"elementor-column elementor-col-50 elementor-top-column elementor-element elementor-element-34fb6da\" data-id=\"34fb6da\" data-element_type=\"column\" data-e-type=\"column\">\n\t\t\t<div class=\"elementor-widget-wrap elementor-element-populated\">\n\t\t\t\t\t\t<div class=\"elementor-element elementor-element-bae8a08 elementor-widget elementor-widget-image\" data-id=\"bae8a08\" data-element_type=\"widget\" data-e-type=\"widget\" data-widget_type=\"image.default\">\n\t\t\t\t<div class=\"elementor-widget-container\">\n\t\t\t\t\t\t\t\t\t\t\t\t\t\t\t<img fetchpriority=\"high\" decoding=\"async\" width=\"800\" height=\"534\" src=\"https:\/\/husf.org.br\/residencia\/wp-content\/uploads\/2026\/02\/ginecologia-e-obstetricia-1024x683.jpg\" class=\"attachment-large size-large wp-image-863\" alt=\"\" srcset=\"https:\/\/husf.org.br\/residencia\/wp-content\/uploads\/2026\/02\/ginecologia-e-obstetricia-1024x683.jpg 1024w, https:\/\/husf.org.br\/residencia\/wp-content\/uploads\/2026\/02\/ginecologia-e-obstetricia-300x200.jpg 300w, https:\/\/husf.org.br\/residencia\/wp-content\/uploads\/2026\/02\/ginecologia-e-obstetricia-768x512.jpg 768w, https:\/\/husf.org.br\/residencia\/wp-content\/uploads\/2026\/02\/ginecologia-e-obstetricia.jpg 1170w\" sizes=\"(max-width: 800px) 100vw, 800px\" \/>\t\t\t\t\t\t\t\t\t\t\t\t\t\t\t<\/div>\n\t\t\t\t<\/div>\n\t\t\t\t\t<\/div>\n\t\t<\/div>\n\t\t\t\t<div class=\"elementor-column elementor-col-50 elementor-top-column elementor-element elementor-element-f74acf1\" data-id=\"f74acf1\" data-element_type=\"column\" data-e-type=\"column\">\n\t\t\t<div class=\"elementor-widget-wrap elementor-element-populated\">\n\t\t\t\t\t\t<div class=\"elementor-element elementor-element-6b2950a elementor-align-left elementor-widget elementor-widget-button\" data-id=\"6b2950a\" data-element_type=\"widget\" data-e-type=\"widget\" data-widget_type=\"button.default\">\n\t\t\t\t<div class=\"elementor-widget-container\">\n\t\t\t\t\t\t\t\t\t<div class=\"elementor-button-wrapper\">\n\t\t\t\t\t<a class=\"elementor-button elementor-button-link elementor-size-sm\" href=\"https:\/\/www.aremg.org.br\/processos-atuais\">\n\t\t\t\t\t\t<span class=\"elementor-button-content-wrapper\">\n\t\t\t\t\t\t\t\t\t<span class=\"elementor-button-text\">INSCREVA-SE<\/span>\n\t\t\t\t\t<\/span>\n\t\t\t\t\t<\/a>\n\t\t\t\t<\/div>\n\t\t\t\t\t\t\t\t<\/div>\n\t\t\t\t<\/div>\n\t\t\t\t\t<\/div>\n\t\t<\/div>\n\t\t\t\t\t<\/div>\n\t\t<\/section>\n\t\t\t\t<section class=\"elementor-section elementor-top-section elementor-element elementor-element-756635f elementor-section-boxed elementor-section-height-default elementor-section-height-default\" data-id=\"756635f\" data-element_type=\"section\" data-e-type=\"section\">\n\t\t\t\t\t\t<div class=\"elementor-container elementor-column-gap-default\">\n\t\t\t\t\t<div class=\"elementor-column elementor-col-50 elementor-top-column elementor-element elementor-element-30118c3\" data-id=\"30118c3\" data-element_type=\"column\" data-e-type=\"column\">\n\t\t\t<div class=\"elementor-widget-wrap elementor-element-populated\">\n\t\t\t\t\t\t<div class=\"elementor-element elementor-element-018a707 elementor-widget elementor-widget-heading\" data-id=\"018a707\" data-element_type=\"widget\" data-e-type=\"widget\" data-widget_type=\"heading.default\">\n\t\t\t\t<div class=\"elementor-widget-container\">\n\t\t\t\t\t<h2 class=\"elementor-heading-title elementor-size-default\">Supervis\u00e3o<\/h2>\t\t\t\t<\/div>\n\t\t\t\t<\/div>\n\t\t\t\t<div class=\"elementor-element elementor-element-47a6f51 elementor-widget elementor-widget-text-editor\" data-id=\"47a6f51\" data-element_type=\"widget\" data-e-type=\"widget\" data-widget_type=\"text-editor.default\">\n\t\t\t\t<div class=\"elementor-widget-container\">\n\t\t\t\t\t\t\t\t\t<p><b>Supervisor<\/b><span style=\"font-weight: 400;\"> \u2013 Eduarda Lemes Miguel<\/span><span style=\"font-weight: 400;\"><br \/><\/span><b>Suplente de supervisor<\/b><span style=\"font-weight: 400;\"> \u2013 H\u00e9lio Humberto Freitas J\u00fanior<\/span><\/p>\t\t\t\t\t\t\t\t<\/div>\n\t\t\t\t<\/div>\n\t\t\t\t\t<\/div>\n\t\t<\/div>\n\t\t\t\t<div class=\"elementor-column elementor-col-50 elementor-top-column elementor-element elementor-element-e843975\" data-id=\"e843975\" data-element_type=\"column\" data-e-type=\"column\">\n\t\t\t<div class=\"elementor-widget-wrap elementor-element-populated\">\n\t\t\t\t\t\t<div class=\"elementor-element elementor-element-edf5113 elementor-widget elementor-widget-heading\" data-id=\"edf5113\" data-element_type=\"widget\" data-e-type=\"widget\" data-widget_type=\"heading.default\">\n\t\t\t\t<div class=\"elementor-widget-container\">\n\t\t\t\t\t<h2 class=\"elementor-heading-title elementor-size-default\">Especialidade de Cl\u00ednica M\u00e9dica<\/h2>\t\t\t\t<\/div>\n\t\t\t\t<\/div>\n\t\t\t\t<div class=\"elementor-element elementor-element-72d4b4d elementor-widget elementor-widget-text-editor\" data-id=\"72d4b4d\" data-element_type=\"widget\" data-e-type=\"widget\" data-widget_type=\"text-editor.default\">\n\t\t\t\t<div class=\"elementor-widget-container\">\n\t\t\t\t\t\t\t\t\t<p><b>Matriz de compet\u00eancias<\/b><\/p><p><span style=\"color: #000000;\"><a style=\"color: #000000;\" href=\"https:\/\/husf.org.br\/residencia\/wp-content\/uploads\/2026\/02\/Matriz-Ginecologia-e-Obstetricia.pdf\" target=\"_blank\" rel=\"noopener\"><strong>ACESSAR MATRIZ DE COMPET\u00caNCIAS<\/strong><\/a><\/span><\/p>\t\t\t\t\t\t\t\t<\/div>\n\t\t\t\t<\/div>\n\t\t\t\t\t<\/div>\n\t\t<\/div>\n\t\t\t\t\t<\/div>\n\t\t<\/section>\n\t\t\t\t<section class=\"elementor-section elementor-top-section elementor-element elementor-element-5b7a838 elementor-section-boxed elementor-section-height-default elementor-section-height-default\" data-id=\"5b7a838\" data-element_type=\"section\" data-e-type=\"section\">\n\t\t\t\t\t\t<div class=\"elementor-container elementor-column-gap-default\">\n\t\t\t\t\t<div class=\"elementor-column elementor-col-100 elementor-top-column elementor-element elementor-element-b9fc6b0\" data-id=\"b9fc6b0\" data-element_type=\"column\" data-e-type=\"column\">\n\t\t\t<div class=\"elementor-widget-wrap elementor-element-populated\">\n\t\t\t\t\t\t<div class=\"elementor-element elementor-element-34de3b6 elementor-widget elementor-widget-heading\" data-id=\"34de3b6\" data-element_type=\"widget\" data-e-type=\"widget\" data-widget_type=\"heading.default\">\n\t\t\t\t<div class=\"elementor-widget-container\">\n\t\t\t\t\t<h2 class=\"elementor-heading-title elementor-size-default\">OBJETIVOS GERAIS<\/h2>\t\t\t\t<\/div>\n\t\t\t\t<\/div>\n\t\t\t\t<div class=\"elementor-element elementor-element-8397bb2 elementor-widget elementor-widget-text-editor\" data-id=\"8397bb2\" data-element_type=\"widget\" data-e-type=\"widget\" data-widget_type=\"text-editor.default\">\n\t\t\t\t<div class=\"elementor-widget-container\">\n\t\t\t\t\t\t\t\t\t<p><span style=\"font-weight: 400;\">O Programa de Resid\u00eancia M\u00e9dica em Ginecologia e Obstetr\u00edcia do HUSF \u00e9 estruturado para proporcionar forma\u00e7\u00e3o integral na sa\u00fade da mulher, contemplando todas as fases da vida, da adolesc\u00eancia ao climat\u00e9rio.\u00a0 <\/span><span style=\"font-weight: 400;\"><br \/><\/span><span style=\"font-weight: 400;\"><br \/><\/span><strong>O PRM busca capacitar o m\u00e9dico residente para:<\/strong><\/p><ul><li style=\"font-weight: 400;\" aria-level=\"1\"><span style=\"font-weight: 400;\">Prestar assist\u00eancia ao ciclo grav\u00eddico-puerperal, incluindo pr\u00e9-natal de baixo e alto risco, condu\u00e7\u00e3o do parto e cuidados no puerp\u00e9rio.\u00a0\u00a0<\/span><\/li><li style=\"font-weight: 400;\" aria-level=\"1\"><span style=\"font-weight: 400;\">Desenvolver compet\u00eancia cl\u00ednica e cir\u00fargica em ginecologia, incluindo cirurgias convencionais e minimamente invasivas.<\/span><\/li><li style=\"font-weight: 400;\" aria-level=\"1\"><span style=\"font-weight: 400;\">Atuar de forma \u00e9tica, emp\u00e1tica e humanizada em temas como planejamento familiar, climat\u00e9rio, sa\u00fade sexual e reprodutiva e oncologia ginecol\u00f3gica.<\/span><\/li><\/ul><p><span style=\"font-weight: 400;\">Desenvolver racioc\u00ednio cl\u00ednico aplicado \u00e0s subespecialidades, como medicina fetal e mastologia.\u00a0<\/span><\/p>\t\t\t\t\t\t\t\t<\/div>\n\t\t\t\t<\/div>\n\t\t\t\t\t<\/div>\n\t\t<\/div>\n\t\t\t\t\t<\/div>\n\t\t<\/section>\n\t\t\t\t<\/div>\n\t\t","protected":false},"excerpt":{"rendered":"<p>INSCREVA-SE Supervis\u00e3o Supervisor \u2013 Eduarda Lemes MiguelSuplente de supervisor \u2013 H\u00e9lio Humberto Freitas J\u00fanior Especialidade de Cl\u00ednica M\u00e9dica Matriz de compet\u00eancias ACESSAR MATRIZ DE COMPET\u00caNCIAS OBJETIVOS GERAIS O Programa de Resid\u00eancia M\u00e9dica em Ginecologia e Obstetr\u00edcia do HUSF \u00e9 estruturado para proporcionar forma\u00e7\u00e3o integral na sa\u00fade da mulher, contemplando todas as fases da vida, da [&hellip;]<\/p>\n","protected":false},"author":1,"featured_media":0,"parent":0,"menu_order":0,"comment_status":"closed","ping_status":"closed","template":"","meta":{"footnotes":""},"class_list":["post-907","page","type-page","status-publish","hentry"],"_links":{"self":[{"href":"https:\/\/husf.org.br\/residencia\/wp-json\/wp\/v2\/pages\/907","targetHints":{"allow":["GET"]}}],"collection":[{"href":"https:\/\/husf.org.br\/residencia\/wp-json\/wp\/v2\/pages"}],"about":[{"href":"https:\/\/husf.org.br\/residencia\/wp-json\/wp\/v2\/types\/page"}],"author":[{"embeddable":true,"href":"https:\/\/husf.org.br\/residencia\/wp-json\/wp\/v2\/users\/1"}],"replies":[{"embeddable":true,"href":"https:\/\/husf.org.br\/residencia\/wp-json\/wp\/v2\/comments?post=907"}],"version-history":[{"count":7,"href":"https:\/\/husf.org.br\/residencia\/wp-json\/wp\/v2\/pages\/907\/revisions"}],"predecessor-version":[{"id":953,"href":"https:\/\/husf.org.br\/residencia\/wp-json\/wp\/v2\/pages\/907\/revisions\/953"}],"wp:attachment":[{"href":"https:\/\/husf.org.br\/residencia\/wp-json\/wp\/v2\/media?parent=907"}],"curies":[{"name":"wp","href":"https:\/\/api.w.org\/{rel}","templated":true}]}}